{"id":1285,"date":"2022-03-08T12:12:10","date_gmt":"2022-03-08T15:12:10","guid":{"rendered":"https:\/\/editoraime.com.br\/site\/?page_id=1285"},"modified":"2022-03-18T15:03:35","modified_gmt":"2022-03-18T18:03:35","slug":"politicas-de-privacidade","status":"publish","type":"page","link":"https:\/\/editoraime.com.br\/site\/politicas-de-privacidade\/","title":{"rendered":"Pol\u00edticas de Privacidade"},"content":{"rendered":"\t\t<div data-elementor-type=\"wp-page\" data-elementor-id=\"1285\" class=\"elementor elementor-1285\">\n\t\t\t\t\t\t<section class=\"elementor-section elementor-top-section elementor-element elementor-element-697139f elementor-section-boxed elementor-section-height-default elementor-section-height-default\" data-id=\"697139f\" data-element_type=\"section\">\n\t\t\t\t\t\t<div class=\"elementor-container elementor-column-gap-default\">\n\t\t\t\t\t<div class=\"elementor-column elementor-col-100 elementor-top-column elementor-element elementor-element-4df01e5\" data-id=\"4df01e5\" data-element_type=\"column\">\n\t\t\t<div class=\"elementor-widget-wrap elementor-element-populated\">\n\t\t\t\t\t\t<div class=\"elementor-element elementor-element-d2352ad elementor-widget elementor-widget-spacer\" data-id=\"d2352ad\" data-element_type=\"widget\" data-widget_type=\"spacer.default\">\n\t\t\t\t<div class=\"elementor-widget-container\">\n\t\t\t\t\t\t\t<div class=\"elementor-spacer\">\n\t\t\t<div class=\"elementor-spacer-inner\"><\/div>\n\t\t<\/div>\n\t\t\t\t\t\t<\/div>\n\t\t\t\t<\/div>\n\t\t\t\t<div class=\"elementor-element elementor-element-03057b9 elementor-widget elementor-widget-text-editor\" data-id=\"03057b9\" data-element_type=\"widget\" data-widget_type=\"text-editor.default\">\n\t\t\t\t<div class=\"elementor-widget-container\">\n\t\t\t\t\t\t\t\t\t<h2>Pol\u00edticas de Privacidade e Seguran\u00e7a 2022<\/h2><div>\u00a0<\/div><p class=\"subtitle\">Leia os nossos termos de uso e de privacidade.<\/p><div class=\"text\"><h3>A. Introdu\u00e7\u00e3o<\/h3><p>Nossa pol\u00edtica de privacidade e seguran\u00e7a dos usu\u00e1rios do site da Editora IME \u00e9 imprescind\u00edvel, e garantimos sua prote\u00e7\u00e3o. Este documento detalha de que forma s\u00e3o utilizadas as informa\u00e7\u00f5es pessoais dos usu\u00e1rios em nossa plataforma eletr\u00f4nica.<\/p><h3>B. Coleta de Informa\u00e7\u00f5es<\/h3><p>As seguintes informa\u00e7\u00f5es podem ser coletadas, armazenadas e usadas de forma sigilosa e \u00e9tica pela Editora IME:<\/p><p>1. Informa\u00e7\u00f5es sobre visitas e uso da plataforma digital da Editora IME, incluindo, tempo da visita, visualiza\u00e7\u00f5es das p\u00e1ginas, compras e caminhos de navega\u00e7\u00e3o no site;<\/p><p>2. Informa\u00e7\u00f5es fornecidas pelo usu\u00e1rio no momento de cria\u00e7\u00e3o de cadastros em nosso site, com suas informa\u00e7\u00f5es pessoas, acad\u00eamicas e profissionais;<\/p><p>3. Informa\u00e7\u00f5es como nome e endere\u00e7o de e-mail do usu\u00e1rio, fornecidos para configurar assinaturas de nossos e-mails ou para entrar em contato conosco pelo formul\u00e1rio de contato;<\/p><p>4. Informa\u00e7\u00f5es sobre a frequ\u00eancia e em que circunst\u00e2ncias o usu\u00e1rio acessa nosso site;<\/p><p>5. Informa\u00e7\u00f5es fornecidas quando o usu\u00e1rio se cadastra em nosso site no momento de uma submiss\u00e3o;<\/p><p>6. Informa\u00e7\u00f5es contidas em quaisquer formas de comunica\u00e7\u00f5es que o usu\u00e1rio nos envie por e-mail ou pelo nosso site;<\/p><p>7. Qualquer outra informa\u00e7\u00e3o pessoal enviada pelo usu\u00e1rio.<\/p><h3>C. Sobre o uso das Informa\u00e7\u00f5es<\/h3><p>Todas as informa\u00e7\u00f5es pessoais enviadas \u00e0 Editora IME por meio do nosso site s\u00e3o usadas para os fins descritos nesta pol\u00edtica ou na nossa plataforma digital, que s\u00e3o os seguintes:<\/p><p>1. Administrar nosso site;<\/p><p>2. Personalizar o site para os nossos usu\u00e1rios;<\/p><p>3. Melhorar o uso dos servi\u00e7os dispon\u00edveis no site;<\/p><p>4. Prestar os servi\u00e7os solicitados por meio do site;<\/p><p>5. Enviar comprovantes, faturas e lembretes de pagamento, bem como coletar os pagamentos;<\/p><p>6. Enviar notifica\u00e7\u00f5es por e-mail solicitadas pelos usu\u00e1rios;<\/p><p>7. Receber perguntas e sugest\u00f5es dos usu\u00e1rios em rela\u00e7\u00e3o \u00e0 Editora IME, nossos produtos e servi\u00e7os;<\/p><p>8. Manter o site seguro e evitar fraudes;<\/p><p>9. Verificar a conformidade com os termos e condi\u00e7\u00f5es estabelecidos para o site.<\/p><h3>D. Divulga\u00e7\u00e3o de Informa\u00e7\u00f5es<\/h3><p>A Editora IME n\u00e3o fornece, informa\u00e7\u00f5es pessoais dos usu\u00e1rios a terceiros para qualquer finalidade, salvo em situa\u00e7\u00f5es, que por for\u00e7a da lei, seja obrigat\u00f3ria.<\/p><h3>E. Seguran\u00e7a das Informa\u00e7\u00f5es<\/h3><p>Tomamos todas as precau\u00e7\u00f5es t\u00e9cnicas e organizacionais para evitar a perda, o mau uso ou a altera\u00e7\u00e3o das informa\u00e7\u00f5es pessoais dos usu\u00e1rios do site da Editora IME:<\/p><p>1. Todas as informa\u00e7\u00f5es pessoais dos usu\u00e1rios s\u00e3o armazenadas em servidores seguros, protegidos por senha e firewall;<\/p><p>2. Todas as transa\u00e7\u00f5es financeiras eletr\u00f4nicas realizadas por meio do nosso site s\u00e3o protegidas por criptografia;<\/p><p>3. \u00c9 de total responsabilidade do usu\u00e1rio manter em sigilo a senha usada para acessar o site da Editora IME, n\u00e3o compartilhando com terceiros. Esta senha nunca \u00e9 solicitada por n\u00f3s, exceto no momento do login em nosso site.<\/p><h3>F. Altera\u00e7\u00f5es<\/h3><p>A Editora IME se reserva o direito de atualizar esta Pol\u00edtica de Privacidade e Seguran\u00e7a quando se fizer necess\u00e1rio, mediante a publica\u00e7\u00e3o de uma nova vers\u00e3o em nosso site.<\/p><h3>G. Seus direitos<\/h3><p>1. Podemos reter as informa\u00e7\u00f5es pessoais solicitadas na extens\u00e3o permitida por lei;<\/p><p>2. O usu\u00e1rio do site da Editora IME pode solicitar a qualquer momento a exclus\u00e3o de suas informa\u00e7\u00f5es em nosso banco de dados.<\/p><h3>H. Disposi\u00e7\u00f5es Finais<\/h3><p>Esta Pol\u00edtica de Privacidade e Seguran\u00e7a \u00e9 amparada no C\u00f3digo de Defesa do Consumidor (Lei N\u00ba 8.078, de 11 de setembro de 1990), na Lei de Prote\u00e7\u00e3o de Dados Pessoais (Lei N\u00ba 13.709, de 14 de agosto de 2018) e no Marco Civil da Internet (Lei N\u00ba 12.965, de 23 de abril de 2014).<\/p><p>Em caso de d\u00favidas e\/ou sugest\u00f5es, favor entrar em contato conosco atrav\u00e9s do e-mail: <a href=\"mailto:contato@editoraime.com.br\">contato@editoraime.com.br<\/a><\/p><\/div>\t\t\t\t\t\t\t\t<\/div>\n\t\t\t\t<\/div>\n\t\t\t\t\t<\/div>\n\t\t<\/div>\n\t\t\t\t\t<\/div>\n\t\t<\/section>\n\t\t\t\t<section class=\"elementor-section elementor-top-section elementor-element elementor-element-643d920 elementor-section-boxed elementor-section-height-default elementor-section-height-default\" data-id=\"643d920\" data-element_type=\"section\">\n\t\t\t\t\t\t<div class=\"elementor-container elementor-column-gap-default\">\n\t\t\t\t\t<div class=\"elementor-column elementor-col-100 elementor-top-column elementor-element elementor-element-9f2e6e0\" data-id=\"9f2e6e0\" data-element_type=\"column\">\n\t\t\t<div class=\"elementor-widget-wrap elementor-element-populated\">\n\t\t\t\t\t\t<div class=\"elementor-element elementor-element-ebf0677 elementor-widget elementor-widget-spacer\" data-id=\"ebf0677\" data-element_type=\"widget\" data-widget_type=\"spacer.default\">\n\t\t\t\t<div class=\"elementor-widget-container\">\n\t\t\t\t\t\t\t<div class=\"elementor-spacer\">\n\t\t\t<div class=\"elementor-spacer-inner\"><\/div>\n\t\t<\/div>\n\t\t\t\t\t\t<\/div>\n\t\t\t\t<\/div>\n\t\t\t\t\t<\/div>\n\t\t<\/div>\n\t\t\t\t\t<\/div>\n\t\t<\/section>\n\t\t\t\t<\/div>\n\t\t","protected":false},"excerpt":{"rendered":"<p>Pol\u00edticas de Privacidade e Seguran\u00e7a 2022 \u00a0 Leia os nossos termos de uso e de privacidade. A. Introdu\u00e7\u00e3o Nossa pol\u00edtica de privacidade e seguran\u00e7a dos usu\u00e1rios do site da Editora IME \u00e9 imprescind\u00edvel, e garantimos sua prote\u00e7\u00e3o. Este documento detalha de que forma s\u00e3o utilizadas as informa\u00e7\u00f5es pessoais dos usu\u00e1rios em nossa plataforma eletr\u00f4nica. B. [&hellip;]<\/p>\n","protected":false},"author":1,"featured_media":0,"parent":0,"menu_order":0,"comment_status":"closed","ping_status":"closed","template":"","meta":{"site-sidebar-layout":"no-sidebar","site-content-layout":"page-builder","ast-site-content-layout":"","site-content-style":"default","site-sidebar-style":"default","ast-global-header-display":"","ast-banner-title-visibility":"","ast-main-header-display":"","ast-hfb-above-header-display":"","ast-hfb-below-header-display":"","ast-hfb-mobile-header-display":"","site-post-title":"disabled","ast-breadcrumbs-content":"","ast-featured-img":"disabled","footer-sml-layout":"","theme-transparent-header-meta":"","adv-header-id-meta":"","stick-header-meta":"","header-above-stick-meta":"","header-main-stick-meta":"","header-below-stick-meta":"","astra-migrate-meta-layouts":"default","ast-page-background-enabled":"default","ast-page-background-meta":{"desktop":{"background-color":"","background-image":"","background-repeat":"repeat","background-position":"center center","background-size":"auto","background-attachment":"scroll","background-type":"","background-media":"","overlay-type":"","overlay-color":"","overlay-opacity":"","overlay-gradient":""},"tablet":{"background-color":"","background-image":"","background-repeat":"repeat","background-position":"center center","background-size":"auto","background-attachment":"scroll","background-type":"","background-media":"","overlay-type":"","overlay-color":"","overlay-opacity":"","overlay-gradient":""},"mobile":{"background-color":"","background-image":"","background-repeat":"repeat","background-position":"center center","background-size":"auto","background-attachment":"scroll","background-type":"","background-media":"","overlay-type":"","overlay-color":"","overlay-opacity":"","overlay-gradient":""}},"ast-content-background-meta":{"desktop":{"background-color":"var(--ast-global-color-5)","background-image":"","background-repeat":"repeat","background-position":"center center","background-size":"auto","background-attachment":"scroll","background-type":"","background-media":"","overlay-type":"","overlay-color":"","overlay-opacity":"","overlay-gradient":""},"tablet":{"background-color":"var(--ast-global-color-5)","background-image":"","background-repeat":"repeat","background-position":"center center","background-size":"auto","background-attachment":"scroll","background-type":"","background-media":"","overlay-type":"","overlay-color":"","overlay-opacity":"","overlay-gradient":""},"mobile":{"background-color":"var(--ast-global-color-5)","background-image":"","background-repeat":"repeat","background-position":"center center","background-size":"auto","background-attachment":"scroll","background-type":"","background-media":"","overlay-type":"","overlay-color":"","overlay-opacity":"","overlay-gradient":""}},"footnotes":""},"class_list":["post-1285","page","type-page","status-publish","hentry"],"_links":{"self":[{"href":"https:\/\/editoraime.com.br\/site\/wp-json\/wp\/v2\/pages\/1285","targetHints":{"allow":["GET"]}}],"collection":[{"href":"https:\/\/editoraime.com.br\/site\/wp-json\/wp\/v2\/pages"}],"about":[{"href":"https:\/\/editoraime.com.br\/site\/wp-json\/wp\/v2\/types\/page"}],"author":[{"embeddable":true,"href":"https:\/\/editoraime.com.br\/site\/wp-json\/wp\/v2\/users\/1"}],"replies":[{"embeddable":true,"href":"https:\/\/editoraime.com.br\/site\/wp-json\/wp\/v2\/comments?post=1285"}],"version-history":[{"count":10,"href":"https:\/\/editoraime.com.br\/site\/wp-json\/wp\/v2\/pages\/1285\/revisions"}],"predecessor-version":[{"id":2272,"href":"https:\/\/editoraime.com.br\/site\/wp-json\/wp\/v2\/pages\/1285\/revisions\/2272"}],"wp:attachment":[{"href":"https:\/\/editoraime.com.br\/site\/wp-json\/wp\/v2\/media?parent=1285"}],"curies":[{"name":"wp","href":"https:\/\/api.w.org\/{rel}","templated":true}]}}