{"id":1235,"date":"2022-03-05T10:56:26","date_gmt":"2022-03-05T13:56:26","guid":{"rendered":"https:\/\/editoraime.com.br\/site\/?page_id=1235"},"modified":"2022-03-18T15:04:19","modified_gmt":"2022-03-18T18:04:19","slug":"quem-somos","status":"publish","type":"page","link":"https:\/\/editoraime.com.br\/site\/quem-somos\/","title":{"rendered":"Quem somos"},"content":{"rendered":"\t\t<div data-elementor-type=\"wp-page\" data-elementor-id=\"1235\" class=\"elementor elementor-1235\">\n\t\t\t\t\t\t<section class=\"elementor-section elementor-top-section elementor-element elementor-element-697139f elementor-section-boxed elementor-section-height-default elementor-section-height-default\" data-id=\"697139f\" data-element_type=\"section\">\n\t\t\t\t\t\t<div class=\"elementor-container elementor-column-gap-default\">\n\t\t\t\t\t<div class=\"elementor-column elementor-col-100 elementor-top-column elementor-element elementor-element-4df01e5\" data-id=\"4df01e5\" data-element_type=\"column\">\n\t\t\t<div class=\"elementor-widget-wrap elementor-element-populated\">\n\t\t\t\t\t\t<div class=\"elementor-element elementor-element-d2352ad elementor-widget elementor-widget-spacer\" data-id=\"d2352ad\" data-element_type=\"widget\" data-widget_type=\"spacer.default\">\n\t\t\t\t<div class=\"elementor-widget-container\">\n\t\t\t\t\t\t\t<div class=\"elementor-spacer\">\n\t\t\t<div class=\"elementor-spacer-inner\"><\/div>\n\t\t<\/div>\n\t\t\t\t\t\t<\/div>\n\t\t\t\t<\/div>\n\t\t\t\t<div class=\"elementor-element elementor-element-03057b9 elementor-widget elementor-widget-text-editor\" data-id=\"03057b9\" data-element_type=\"widget\" data-widget_type=\"text-editor.default\">\n\t\t\t\t<div class=\"elementor-widget-container\">\n\t\t\t\t\t\t\t\t\t<h2>Quem Somos<\/h2><p>A Editora IME \u00e9 a proposta editorial ideal para a publica\u00e7\u00e3o de sua produ\u00e7\u00e3o cient\u00edfica.<\/p><p>Acreditamos que somente atrav\u00e9s do conhecimento que a humanidade pode evoluir de forma fecunda. A editora IME tem como objetivo difundir de forma democr\u00e1tica conhecimento cient\u00edfico, portanto, promovemos a publica\u00e7\u00e3o de artigos cient\u00edficos, anais de congressos, simp\u00f3sios e encontros de pesquisa, livros e cap\u00edtulos de livros, em diversas \u00e1reas do conhecimento.<\/p><p>Nossas publica\u00e7\u00f5es contam sempre com profunda an\u00e1lise por parte do nosso conselho editorial, visando a obten\u00e7\u00e3o de publica\u00e7\u00f5es com excel\u00eancia com reconhecimento dos pesquisadores da \u00e1rea, promovendo assim o crescimento acad\u00eamico e enriquecimento curricular dos nossos autores.<\/p><h2>Miss\u00e3o<\/h2><p>Nossa miss\u00e3o \u00e9 a divulga\u00e7\u00e3o democr\u00e1tica do conhecimento cient\u00edfico por meio da cria\u00e7\u00e3o, editora\u00e7\u00e3o e publica\u00e7\u00e3o de artigos cient\u00edficos de alta qualidade com reconhecimento de profissionais da \u00e1rea em todo o pa\u00eds.<\/p><h2>Creative Commons<\/h2><p>Todo o conte\u00fado deste site est\u00e1 licenciado sob uma <a href=\"https:\/\/creativecommons.org\/licenses\/by-nc-nd\/4.0\/deed.pt_BR\" target=\"_blank\" rel=\"noopener\">Licen\u00e7a de Atribui\u00e7\u00e3o Creative Commons. Atribui\u00e7\u00e3o-N\u00e3o-Comercial-N\u00e3oDerivativos 4.0 Internacional (CC BY-NC-ND 4.0)<\/a>.<\/p><h2>C\u00f3digo de \u00c9tica e Boas Pr\u00e1ticas de Publica\u00e7\u00e3o<\/h2><p>Desde o in\u00edcio de suas atividades a Editora IME tem como objetivo divulgar o conhecimento cient\u00edfico de forma respons\u00e1vel e democr\u00e1tica atrav\u00e9s de publica\u00e7\u00f5es cientificas, prezando sempre a qualidade e comprometimento. Para que isso seja poss\u00edvel seguimos sempre r\u00edgidos par\u00e2metros para que seja evitado falhas e condutas duvidosas em nossas publica\u00e7\u00f5es. Levando isso em considera\u00e7\u00e3o desenvolvemos o nosso <a href=\"https:\/\/drive.google.com\/file\/d\/1Kz_fUxDc0zToEJomy4d5D495CyMM17le\/view?usp=sharing\" target=\"_blank\" rel=\"noopener\">C\u00f3digo de \u00c9tica e Boas Pr\u00e1ticas de Publica\u00e7\u00e3o<\/a> (LER DOCUMENTO SEPARADO CONTENDO O C\u00d3DIGO DE \u00c9TICA), que esclarece os compromissos e deveres da Editora IME e dos autores que publicam conosco.<\/p><h2>Pol\u00edtica Editorial<\/h2><p>Seguindo todas as normas internacionais de boas pr\u00e1ticas e a responsabilidade na editora\u00e7\u00e3o, a Editora IME busca promover a divulga\u00e7\u00e3o da ci\u00eancia de forma democr\u00e1tica, uma vez que acreditamos que o conhecimento deve ser acess\u00edvel a todos que precisam e nela se interessam. Nosso corpo editorial realiza pesquisas para a sele\u00e7\u00e3o de trabalhos a serem publicados, mantendo sempre um alto n\u00edvel em nossas publica\u00e7\u00f5es. Os membros do corpo editorial da Editora IME s\u00e3o pesquisadores vinculados a institui\u00e7\u00f5es s\u00e9rias de ensino superior, conforme recomenda\u00e7\u00e3o da Capes. A Editora IME foi fundada em 2020, e a avalia\u00e7\u00e3o quadrienal Capes\/2017 levou em conta somente as publica\u00e7\u00f5es de 2013 a 2016 na Plataforma Sucupira. Dessa forma, nossas publica\u00e7\u00f5es ser\u00e3o avaliadas e ter\u00e3o suas qualifica\u00e7\u00f5es publicadas somente na pr\u00f3xima avalia\u00e7\u00e3o quadrienal da Capes. Seguimos todos os crit\u00e9rios de avalia\u00e7\u00e3o da Capes para obten\u00e7\u00e3o do Qualis. Para conhecer os crit\u00e9rios de avalia\u00e7\u00e3o e ter acesso aos editais de publica\u00e7\u00e3o da Editora IME, <a href=\"https:\/\/editoraime.com.br\/revistas\" target=\"_blank\" rel=\"noopener\">clique aqui<\/a>.<\/p>\t\t\t\t\t\t\t\t<\/div>\n\t\t\t\t<\/div>\n\t\t\t\t\t<\/div>\n\t\t<\/div>\n\t\t\t\t\t<\/div>\n\t\t<\/section>\n\t\t\t\t<section class=\"elementor-section elementor-top-section elementor-element elementor-element-1239222 elementor-section-boxed elementor-section-height-default elementor-section-height-default\" data-id=\"1239222\" data-element_type=\"section\">\n\t\t\t\t\t\t<div class=\"elementor-container elementor-column-gap-default\">\n\t\t\t\t\t<div class=\"elementor-column elementor-col-100 elementor-top-column elementor-element elementor-element-d487750\" data-id=\"d487750\" data-element_type=\"column\">\n\t\t\t<div class=\"elementor-widget-wrap elementor-element-populated\">\n\t\t\t\t\t\t<div class=\"elementor-element elementor-element-b7edba1 elementor-widget elementor-widget-spacer\" data-id=\"b7edba1\" data-element_type=\"widget\" data-widget_type=\"spacer.default\">\n\t\t\t\t<div class=\"elementor-widget-container\">\n\t\t\t\t\t\t\t<div class=\"elementor-spacer\">\n\t\t\t<div class=\"elementor-spacer-inner\"><\/div>\n\t\t<\/div>\n\t\t\t\t\t\t<\/div>\n\t\t\t\t<\/div>\n\t\t\t\t\t<\/div>\n\t\t<\/div>\n\t\t\t\t\t<\/div>\n\t\t<\/section>\n\t\t\t\t<\/div>\n\t\t","protected":false},"excerpt":{"rendered":"<p>Quem Somos A Editora IME \u00e9 a proposta editorial ideal para a publica\u00e7\u00e3o de sua produ\u00e7\u00e3o cient\u00edfica. Acreditamos que somente atrav\u00e9s do conhecimento que a humanidade pode evoluir de forma fecunda. A editora IME tem como objetivo difundir de forma democr\u00e1tica conhecimento cient\u00edfico, portanto, promovemos a publica\u00e7\u00e3o de artigos cient\u00edficos, anais de congressos, simp\u00f3sios e [&hellip;]<\/p>\n","protected":false},"author":1,"featured_media":0,"parent":0,"menu_order":0,"comment_status":"closed","ping_status":"closed","template":"","meta":{"site-sidebar-layout":"no-sidebar","site-content-layout":"page-builder","ast-site-content-layout":"","site-content-style":"default","site-sidebar-style":"default","ast-global-header-display":"","ast-banner-title-visibility":"","ast-main-header-display":"","ast-hfb-above-header-display":"","ast-hfb-below-header-display":"","ast-hfb-mobile-header-display":"","site-post-title":"disabled","ast-breadcrumbs-content":"","ast-featured-img":"disabled","footer-sml-layout":"","theme-transparent-header-meta":"","adv-header-id-meta":"","stick-header-meta":"","header-above-stick-meta":"","header-main-stick-meta":"","header-below-stick-meta":"","astra-migrate-meta-layouts":"default","ast-page-background-enabled":"default","ast-page-background-meta":{"desktop":{"background-color":"","background-image":"","background-repeat":"repeat","background-position":"center center","background-size":"auto","background-attachment":"scroll","background-type":"","background-media":"","overlay-type":"","overlay-color":"","overlay-opacity":"","overlay-gradient":""},"tablet":{"background-color":"","background-image":"","background-repeat":"repeat","background-position":"center center","background-size":"auto","background-attachment":"scroll","background-type":"","background-media":"","overlay-type":"","overlay-color":"","overlay-opacity":"","overlay-gradient":""},"mobile":{"background-color":"","background-image":"","background-repeat":"repeat","background-position":"center center","background-size":"auto","background-attachment":"scroll","background-type":"","background-media":"","overlay-type":"","overlay-color":"","overlay-opacity":"","overlay-gradient":""}},"ast-content-background-meta":{"desktop":{"background-color":"var(--ast-global-color-5)","background-image":"","background-repeat":"repeat","background-position":"center center","background-size":"auto","background-attachment":"scroll","background-type":"","background-media":"","overlay-type":"","overlay-color":"","overlay-opacity":"","overlay-gradient":""},"tablet":{"background-color":"var(--ast-global-color-5)","background-image":"","background-repeat":"repeat","background-position":"center center","background-size":"auto","background-attachment":"scroll","background-type":"","background-media":"","overlay-type":"","overlay-color":"","overlay-opacity":"","overlay-gradient":""},"mobile":{"background-color":"var(--ast-global-color-5)","background-image":"","background-repeat":"repeat","background-position":"center center","background-size":"auto","background-attachment":"scroll","background-type":"","background-media":"","overlay-type":"","overlay-color":"","overlay-opacity":"","overlay-gradient":""}},"footnotes":""},"class_list":["post-1235","page","type-page","status-publish","hentry"],"_links":{"self":[{"href":"https:\/\/editoraime.com.br\/site\/wp-json\/wp\/v2\/pages\/1235","targetHints":{"allow":["GET"]}}],"collection":[{"href":"https:\/\/editoraime.com.br\/site\/wp-json\/wp\/v2\/pages"}],"about":[{"href":"https:\/\/editoraime.com.br\/site\/wp-json\/wp\/v2\/types\/page"}],"author":[{"embeddable":true,"href":"https:\/\/editoraime.com.br\/site\/wp-json\/wp\/v2\/users\/1"}],"replies":[{"embeddable":true,"href":"https:\/\/editoraime.com.br\/site\/wp-json\/wp\/v2\/comments?post=1235"}],"version-history":[{"count":15,"href":"https:\/\/editoraime.com.br\/site\/wp-json\/wp\/v2\/pages\/1235\/revisions"}],"predecessor-version":[{"id":2275,"href":"https:\/\/editoraime.com.br\/site\/wp-json\/wp\/v2\/pages\/1235\/revisions\/2275"}],"wp:attachment":[{"href":"https:\/\/editoraime.com.br\/site\/wp-json\/wp\/v2\/media?parent=1235"}],"curies":[{"name":"wp","href":"https:\/\/api.w.org\/{rel}","templated":true}]}}